{"id":728,"date":"2025-05-26T10:49:00","date_gmt":"2025-05-26T10:49:00","guid":{"rendered":"http:\/\/wordpress.p694928.webspaceconfig.de\/?page_id=728"},"modified":"2025-08-12T14:00:38","modified_gmt":"2025-08-12T12:00:38","slug":"news","status":"publish","type":"page","link":"https:\/\/www.km-kuechenmeile.de\/nl\/news\/","title":{"rendered":"Nieuws"},"content":{"rendered":"\t\t<div data-elementor-type=\"wp-page\" data-elementor-id=\"728\" class=\"elementor elementor-728\" data-elementor-post-type=\"page\">\n\t\t\t\t<div class=\"elementor-element elementor-element-bf04188 max-width e-flex e-con-boxed e-con e-parent\" data-id=\"bf04188\" data-element_type=\"container\" data-e-type=\"container\">\n\t\t\t\t\t<div class=\"e-con-inner\">\n\t\t<div class=\"elementor-element elementor-element-41cae45 e-flex e-con-boxed e-con e-child\" data-id=\"41cae45\" data-element_type=\"container\" data-e-type=\"container\">\n\t\t\t\t\t<div class=\"e-con-inner\">\n\t\t\t\t<div data-dce-title-color=\"#000000\" class=\"elementor-element elementor-element-8d3722e elementor-widget elementor-widget-heading\" data-id=\"8d3722e\" data-element_type=\"widget\" data-e-type=\"widget\" data-widget_type=\"heading.default\">\n\t\t\t\t<div class=\"elementor-widget-container\">\n\t\t\t\t\t<h1 class=\"elementor-heading-title elementor-size-default\">Neuigkeiten<\/h1>\t\t\t\t<\/div>\n\t\t\t\t<\/div>\n\t\t\t\t\t<\/div>\n\t\t\t\t<\/div>\n\t\t\t\t<div class=\"elementor-element elementor-element-360fef5 elementor-grid-laptop-2 elementor-grid-tablet-1 elementor-grid-3 elementor-grid-mobile-1 elementor-widget elementor-widget-loop-grid\" data-id=\"360fef5\" data-element_type=\"widget\" data-e-type=\"widget\" data-settings=\"{&quot;template_id&quot;:&quot;717&quot;,&quot;alternate_template&quot;:&quot;yes&quot;,&quot;pagination_type&quot;:&quot;load_more_infinite_scroll&quot;,&quot;columns_laptop&quot;:2,&quot;columns_tablet&quot;:1,&quot;_skin&quot;:&quot;post&quot;,&quot;columns&quot;:&quot;3&quot;,&quot;columns_mobile&quot;:&quot;1&quot;,&quot;edit_handle_selector&quot;:&quot;[data-elementor-type=\\&quot;loop-item\\&quot;]&quot;,&quot;load_more_spinner&quot;:{&quot;value&quot;:&quot;fas fa-spinner&quot;,&quot;library&quot;:&quot;fa-solid&quot;},&quot;row_gap&quot;:{&quot;unit&quot;:&quot;px&quot;,&quot;size&quot;:&quot;&quot;,&quot;sizes&quot;:[]},&quot;row_gap_widescreen&quot;:{&quot;unit&quot;:&quot;px&quot;,&quot;size&quot;:&quot;&quot;,&quot;sizes&quot;:[]},&quot;row_gap_laptop&quot;:{&quot;unit&quot;:&quot;px&quot;,&quot;size&quot;:&quot;&quot;,&quot;sizes&quot;:[]},&quot;row_gap_tablet&quot;:{&quot;unit&quot;:&quot;px&quot;,&quot;size&quot;:&quot;&quot;,&quot;sizes&quot;:[]},&quot;row_gap_mobile&quot;:{&quot;unit&quot;:&quot;px&quot;,&quot;size&quot;:&quot;&quot;,&quot;sizes&quot;:[]}}\" data-widget_type=\"loop-grid.post\">\n\t\t\t\t<div class=\"elementor-widget-container\">\n\t\t\t\t\t\t\t<div class=\"elementor-loop-container elementor-grid\" role=\"list\">\n\t\t<style id=\"loop-735\">.elementor-735 .elementor-element.elementor-element-80ac28b{--display:flex;--flex-direction:row;--container-widget-width:initial;--container-widget-height:100%;--container-widget-flex-grow:1;--container-widget-align-self:stretch;--flex-wrap-mobile:wrap;--gap:0px 0px;--row-gap:0px;--column-gap:0px;--padding-top:0px;--padding-bottom:0px;--padding-left:0px;--padding-right:0px;grid-column:span 2;}.elementor-widget-image .widget-image-caption{color:var( --e-global-color-text );font-family:var( --e-global-typography-text-font-family ), Sans-serif;font-weight:var( --e-global-typography-text-font-weight );text-transform:var( --e-global-typography-text-text-transform );}.elementor-735 .elementor-element.elementor-element-d0f459f img{width:100%;height:100%;object-fit:cover;object-position:center center;}.elementor-735 .elementor-element.elementor-element-d0f459f{width:var( --container-widget-width, 58% );max-width:58%;--container-widget-width:58%;--container-widget-flex-grow:0;}.elementor-735 .elementor-element.elementor-element-d0f459f.elementor-element{--flex-grow:1;--flex-shrink:0;}.elementor-735 .elementor-element.elementor-element-f9b7d15{--display:flex;--gap:0px 0px;--row-gap:0px;--column-gap:0px;--padding-top:3rem;--padding-bottom:3rem;--padding-left:3rem;--padding-right:3rem;}.elementor-widget-heading .elementor-heading-title{font-family:var( --e-global-typography-primary-font-family ), Sans-serif;font-size:var( --e-global-typography-primary-font-size );font-weight:var( --e-global-typography-primary-font-weight );color:var( --e-global-color-primary );}.elementor-735 .elementor-element.elementor-element-72b376b .elementor-heading-title{font-family:\"Inter\", Sans-serif;font-size:4rem;font-weight:600;text-transform:none;color:var( --e-global-color-text );}.elementor-735 .elementor-element.elementor-element-72b376b > .elementor-widget-container{margin:0rem 0rem 2rem 0rem;}.elementor-widget-text-editor{font-family:var( --e-global-typography-text-font-family ), Sans-serif;font-weight:var( --e-global-typography-text-font-weight );text-transform:var( --e-global-typography-text-text-transform );color:var( --e-global-color-text );}.elementor-widget-text-editor.elementor-drop-cap-view-stacked .elementor-drop-cap{background-color:var( --e-global-color-primary );}.elementor-widget-text-editor.elementor-drop-cap-view-framed .elementor-drop-cap, .elementor-widget-text-editor.elementor-drop-cap-view-default .elementor-drop-cap{color:var( --e-global-color-primary );border-color:var( --e-global-color-primary );}.elementor-735 .elementor-element.elementor-element-c4b8f09{color:#475569;}.elementor-735 .elementor-element.elementor-element-c4b8f09.elementor-element{--flex-grow:1;--flex-shrink:0;}.elementor-735 .elementor-element.elementor-element-8a9bfc7{color:#475569;}.elementor-735 .elementor-element.elementor-element-8a9bfc7 > .elementor-widget-container{margin:20px 0px 0px 0px;}.elementor-735 .elementor-element.elementor-element-8a9bfc7.elementor-element{--align-self:flex-start;--flex-grow:0;--flex-shrink:0;}@media(min-width:2400px){.elementor-widget-heading .elementor-heading-title{font-size:var( --e-global-typography-primary-font-size );}}@media(max-width:1366px){.elementor-widget-heading .elementor-heading-title{font-size:var( --e-global-typography-primary-font-size );}}@media(max-width:1024px){.elementor-widget-heading .elementor-heading-title{font-size:var( --e-global-typography-primary-font-size );}}@media(max-width:767px){.elementor-735 .elementor-element.elementor-element-80ac28b{--margin-top:0px;--margin-bottom:375px;--margin-left:0px;--margin-right:0px;}.elementor-widget-heading .elementor-heading-title{font-size:var( --e-global-typography-primary-font-size );}.elementor-735 .elementor-element.elementor-element-72b376b .elementor-heading-title{font-size:3rem;}}\/* Start custom CSS for container, class: .elementor-element-80ac28b *\/.elementor-735 .elementor-element.elementor-element-80ac28b{\n        border: 1px solid #f3f4f6;\n        height: min(38vw, 55rem);\n}\/* End custom CSS *\/<\/style>\t\t<div data-elementor-type=\"loop-item\" data-elementor-id=\"735\" class=\"elementor elementor-735 elementor-repeater-item-0ccc3c7 e-loop-item e-loop-item-5587 post-5587 post type-post status-publish format-standard hentry category-uncategorized\" data-elementor-post-type=\"elementor_library\" data-custom-edit-handle=\"1\">\n\t\t\t<a class=\"elementor-element elementor-element-80ac28b e-con-full e-flex e-con e-child\" data-id=\"80ac28b\" data-element_type=\"container\" data-e-type=\"container\" href=\"https:\/\/www.km-kuechenmeile.de\/nl\/2025\/09\/22\/kuechenmeile-map-digitale-orientiertungshilfe-fuer-fachbesucher\/\">\n\t\t\t\t<div class=\"elementor-element elementor-element-d0f459f elementor-widget__width-initial elementor-widget elementor-widget-image\" data-id=\"d0f459f\" data-element_type=\"widget\" data-e-type=\"widget\" data-widget_type=\"image.default\">\n\t\t\t\t<div class=\"elementor-widget-container\">\n\t\t\t\t\t\t\t\t\t\t\t\t\t\t\t<img fetchpriority=\"high\" decoding=\"async\" width=\"800\" height=\"413\" src=\"https:\/\/www.km-kuechenmeile.de\/wp-content\/uploads\/2025\/09\/Mockup_Maps_Trendblog-1024x528.jpg\" class=\"attachment-large size-large wp-image-5584\" alt=\"\" srcset=\"https:\/\/www.km-kuechenmeile.de\/wp-content\/uploads\/2025\/09\/Mockup_Maps_Trendblog-1024x528.jpg 1024w, https:\/\/www.km-kuechenmeile.de\/wp-content\/uploads\/2025\/09\/Mockup_Maps_Trendblog-300x155.jpg 300w, https:\/\/www.km-kuechenmeile.de\/wp-content\/uploads\/2025\/09\/Mockup_Maps_Trendblog-768x396.jpg 768w, https:\/\/www.km-kuechenmeile.de\/wp-content\/uploads\/2025\/09\/Mockup_Maps_Trendblog-1536x792.jpg 1536w, https:\/\/www.km-kuechenmeile.de\/wp-content\/uploads\/2025\/09\/Mockup_Maps_Trendblog-2048x1056.jpg 2048w, https:\/\/www.km-kuechenmeile.de\/wp-content\/uploads\/2025\/09\/Mockup_Maps_Trendblog-18x9.jpg 18w\" sizes=\"(max-width: 800px) 100vw, 800px\" \/>\t\t\t\t\t\t\t\t\t\t\t\t\t\t\t<\/div>\n\t\t\t\t<\/div>\n\t\t<div class=\"elementor-element elementor-element-f9b7d15 e-con-full e-flex e-con e-child\" data-id=\"f9b7d15\" data-element_type=\"container\" data-e-type=\"container\">\n\t\t\t\t<div data-dce-title-color=\"#0F172A\" class=\"elementor-element elementor-element-72b376b elementor-widget elementor-widget-heading\" data-id=\"72b376b\" data-element_type=\"widget\" data-e-type=\"widget\" data-widget_type=\"heading.default\">\n\t\t\t\t<div class=\"elementor-widget-container\">\n\t\t\t\t\t<h2 class=\"elementor-heading-title elementor-size-default\">\u201eK\u00fcchenMeile-Map\u201c \u2013 digitale Orientiertungshilfe f\u00fcr Fachbesucher<\/h2>\t\t\t\t<\/div>\n\t\t\t\t<\/div>\n\t\t\t\t<div data-dce-text-color=\"#475569\" class=\"elementor-element elementor-element-c4b8f09 elementor-widget elementor-widget-text-editor\" data-id=\"c4b8f09\" data-element_type=\"widget\" data-e-type=\"widget\" data-widget_type=\"text-editor.default\">\n\t\t\t\t<div class=\"elementor-widget-container\">\n\t\t\t\t\t\t\t\t\t<p>\u2013 Wer die K\u00fcchenmeile besucht, kennt die Herausforderung: Zahlreiche Hersteller pr\u00e4sentieren gleichzeitig ihre Neuheiten und laden zu Hausausstellungen ein. Mit der neuen Web-App <strong>K\u00fcchenMeile-Map<\/strong> erhalten Fachbesucher nun eine kostenlose, digitale Orientierungshilfe.<\/p>\n\t\t\t\t\t\t\t\t<\/div>\n\t\t\t\t<\/div>\n\t\t\t\t<div data-dce-text-color=\"#475569\" class=\"elementor-element elementor-element-8a9bfc7 elementor-widget elementor-widget-text-editor\" data-id=\"8a9bfc7\" data-element_type=\"widget\" data-e-type=\"widget\" data-widget_type=\"text-editor.default\">\n\t\t\t\t<div class=\"elementor-widget-container\">\n\t\t\t\t\t\t\t\t\t1 min\t\t\t\t\t\t\t\t<\/div>\n\t\t\t\t<\/div>\n\t\t\t\t<\/div>\n\t\t\t\t<\/a>\n\t\t\t\t<\/div>\n\t\t<style id=\"loop-717\">.elementor-717 .elementor-element.elementor-element-85d684d{--display:flex;--gap:0px 0px;--row-gap:0px;--column-gap:0px;--padding-top:0px;--padding-bottom:0px;--padding-left:0px;--padding-right:0px;grid-column:span 2;}.elementor-widget-image .widget-image-caption{color:var( --e-global-color-text );font-family:var( --e-global-typography-text-font-family ), Sans-serif;font-weight:var( --e-global-typography-text-font-weight );text-transform:var( --e-global-typography-text-text-transform );}.elementor-717 .elementor-element.elementor-element-1177c47 img{height:30rem;object-fit:cover;object-position:center center;}.elementor-717 .elementor-element.elementor-element-85c2162{--display:flex;--gap:0px 0px;--row-gap:0px;--column-gap:0px;--padding-top:3rem;--padding-bottom:3rem;--padding-left:3rem;--padding-right:3rem;}.elementor-717 .elementor-element.elementor-element-85c2162.e-con{--flex-grow:1;--flex-shrink:0;}.elementor-widget-heading .elementor-heading-title{font-family:var( --e-global-typography-primary-font-family ), Sans-serif;font-size:var( --e-global-typography-primary-font-size );font-weight:var( --e-global-typography-primary-font-weight );color:var( --e-global-color-primary );}.elementor-717 .elementor-element.elementor-element-383b6d5 .elementor-heading-title{font-family:\"Inter\", Sans-serif;font-size:2.4rem;font-weight:400;color:var( --e-global-color-text );}.elementor-717 .elementor-element.elementor-element-383b6d5 > .elementor-widget-container{margin:0rem 0rem 2rem 0rem;}.elementor-widget-text-editor{font-family:var( --e-global-typography-text-font-family ), Sans-serif;font-weight:var( --e-global-typography-text-font-weight );text-transform:var( --e-global-typography-text-text-transform );color:var( --e-global-color-text );}.elementor-widget-text-editor.elementor-drop-cap-view-stacked .elementor-drop-cap{background-color:var( --e-global-color-primary );}.elementor-widget-text-editor.elementor-drop-cap-view-framed .elementor-drop-cap, .elementor-widget-text-editor.elementor-drop-cap-view-default .elementor-drop-cap{color:var( --e-global-color-primary );border-color:var( --e-global-color-primary );}.elementor-717 .elementor-element.elementor-element-53d4c3d{font-family:\"Inter\", Sans-serif;font-weight:300;text-transform:none;color:#475569;}.elementor-717 .elementor-element.elementor-element-53d4c3d.elementor-element{--flex-grow:1;--flex-shrink:0;}.elementor-717 .elementor-element.elementor-element-510b6ea{color:#475569;}.elementor-717 .elementor-element.elementor-element-510b6ea > .elementor-widget-container{margin:20px 0px 0px 0px;}.elementor-717 .elementor-element.elementor-element-510b6ea.elementor-element{--align-self:flex-start;}@media(min-width:2400px){.elementor-widget-heading .elementor-heading-title{font-size:var( --e-global-typography-primary-font-size );}}@media(max-width:1366px){.elementor-widget-heading .elementor-heading-title{font-size:var( --e-global-typography-primary-font-size );}.elementor-717 .elementor-element.elementor-element-383b6d5 .elementor-heading-title{font-size:2.5rem;}}@media(max-width:1024px){.elementor-717 .elementor-element.elementor-element-1177c47 img{width:100%;object-fit:cover;object-position:center center;}.elementor-widget-heading .elementor-heading-title{font-size:var( --e-global-typography-primary-font-size );}.elementor-717 .elementor-element.elementor-element-383b6d5 .elementor-heading-title{font-size:2.5rem;}.elementor-717 .elementor-element.elementor-element-53d4c3d{font-size:1.6rem;}}@media(max-width:767px){.elementor-widget-heading .elementor-heading-title{font-size:var( --e-global-typography-primary-font-size );}.elementor-717 .elementor-element.elementor-element-383b6d5 .elementor-heading-title{font-size:2.3rem;}.elementor-717 .elementor-element.elementor-element-53d4c3d{font-size:16px;}}\/* Start custom CSS for container, class: .elementor-element-85d684d *\/.elementor-717 .elementor-element.elementor-element-85d684d{\n        border: 1px solid #f3f4f6;\n}\/* End custom CSS *\/<\/style>\t\t<div data-elementor-type=\"loop-item\" data-elementor-id=\"717\" class=\"elementor elementor-717 e-loop-item e-loop-item-4123 post-4123 post type-post status-publish format-standard hentry category-uncategorized\" data-elementor-post-type=\"elementor_library\" data-custom-edit-handle=\"1\">\n\t\t\t<a class=\"elementor-element elementor-element-85d684d e-con-full e-flex e-con e-child\" data-id=\"85d684d\" data-element_type=\"container\" data-e-type=\"container\" href=\"https:\/\/www.km-kuechenmeile.de\/nl\/2025\/08\/05\/marketinggemeinschaft-a30-kuechenmeile-e-v-oeffnet-sich-fuer-foerdermitglieder\/\">\n\t\t<div class=\"elementor-element elementor-element-85c2162 e-con-full e-flex e-con e-child\" data-id=\"85c2162\" data-element_type=\"container\" data-e-type=\"container\">\n\t\t\t\t<div class=\"elementor-element elementor-element-383b6d5 elementor-widget elementor-widget-heading\" data-id=\"383b6d5\" data-element_type=\"widget\" data-e-type=\"widget\" data-widget_type=\"heading.default\">\n\t\t\t\t<div class=\"elementor-widget-container\">\n\t\t\t\t\t<span class=\"elementor-heading-title elementor-size-default\">Marketinggemeinschaft A30 &#8211; K\u00fcchenmeile e.V. \u00f6ffnet sich f\u00fcr F\u00f6rdermitglieder<\/span>\t\t\t\t<\/div>\n\t\t\t\t<\/div>\n\t\t\t\t<div data-dce-text-color=\"#475569\" class=\"elementor-element elementor-element-53d4c3d elementor-widget elementor-widget-text-editor\" data-id=\"53d4c3d\" data-element_type=\"widget\" data-e-type=\"widget\" data-widget_type=\"text-editor.default\">\n\t\t\t\t<div class=\"elementor-widget-container\">\n\t\t\t\t\t\t\t\t\t<p>Die Marketinggemeinschaft A30 &#8211; K\u00fcchenmeile e.V., die seit \u00fcber 25 Jahren als zentraler Akteur in der K\u00fcchenbranche agiert und dabei rund 85 Prozent der deutschen K\u00fcchenm\u00f6belindustrie repr\u00e4sentiert, \u00f6ffnet ihre T\u00fcren f\u00fcr neue Partner.<\/p>\n\t\t\t\t\t\t\t\t<\/div>\n\t\t\t\t<\/div>\n\t\t\t\t<div data-dce-text-color=\"#475569\" class=\"elementor-element elementor-element-510b6ea elementor-widget elementor-widget-text-editor\" data-id=\"510b6ea\" data-element_type=\"widget\" data-e-type=\"widget\" data-widget_type=\"text-editor.default\">\n\t\t\t\t<div class=\"elementor-widget-container\">\n\t\t\t\t\t\t\t\t\t3 min\t\t\t\t\t\t\t\t<\/div>\n\t\t\t\t<\/div>\n\t\t\t\t<\/div>\n\t\t\t\t<\/a>\n\t\t\t\t<\/div>\n\t\t\t\t<\/div>\n\t\t\t\t\t<span class=\"e-load-more-spinner\">\n\t\t\t\t<svg aria-hidden=\"true\" class=\"e-font-icon-svg e-fas-spinner\" viewBox=\"0 0 512 512\" xmlns=\"http:\/\/www.w3.org\/2000\/svg\"><path d=\"M304 48c0 26.51-21.49 48-48 48s-48-21.49-48-48 21.49-48 48-48 48 21.49 48 48zm-48 368c-26.51 0-48 21.49-48 48s21.49 48 48 48 48-21.49 48-48-21.49-48-48-48zm208-208c-26.51 0-48 21.49-48 48s21.49 48 48 48 48-21.49 48-48-21.49-48-48-48zM96 256c0-26.51-21.49-48-48-48S0 229.49 0 256s21.49 48 48 48 48-21.49 48-48zm12.922 99.078c-26.51 0-48 21.49-48 48s21.49 48 48 48 48-21.49 48-48c0-26.509-21.491-48-48-48zm294.156 0c-26.51 0-48 21.49-48 48s21.49 48 48 48 48-21.49 48-48c0-26.509-21.49-48-48-48zM108.922 60.922c-26.51 0-48 21.49-48 48s21.49 48 48 48 48-21.49 48-48-21.491-48-48-48z\"><\/path><\/svg>\t\t\t<\/span>\n\t\t\n\t\t\t\t\t\t<\/div>\n\t\t\t\t<\/div>\n\t\t\t\t\t<\/div>\n\t\t\t\t<\/div>\n\t\t\t\t<\/div>\n\t\t","protected":false},"excerpt":{"rendered":"<p>Laatste nieuws<\/p>","protected":false},"author":2,"featured_media":0,"parent":0,"menu_order":0,"comment_status":"closed","ping_status":"closed","template":"","meta":{"_acf_changed":false,"footnotes":""},"class_list":["post-728","page","type-page","status-publish","hentry"],"acf":[],"_links":{"self":[{"href":"https:\/\/www.km-kuechenmeile.de\/nl\/wp-json\/wp\/v2\/pages\/728","targetHints":{"allow":["GET"]}}],"collection":[{"href":"https:\/\/www.km-kuechenmeile.de\/nl\/wp-json\/wp\/v2\/pages"}],"about":[{"href":"https:\/\/www.km-kuechenmeile.de\/nl\/wp-json\/wp\/v2\/types\/page"}],"author":[{"embeddable":true,"href":"https:\/\/www.km-kuechenmeile.de\/nl\/wp-json\/wp\/v2\/users\/2"}],"replies":[{"embeddable":true,"href":"https:\/\/www.km-kuechenmeile.de\/nl\/wp-json\/wp\/v2\/comments?post=728"}],"version-history":[{"count":62,"href":"https:\/\/www.km-kuechenmeile.de\/nl\/wp-json\/wp\/v2\/pages\/728\/revisions"}],"predecessor-version":[{"id":4866,"href":"https:\/\/www.km-kuechenmeile.de\/nl\/wp-json\/wp\/v2\/pages\/728\/revisions\/4866"}],"wp:attachment":[{"href":"https:\/\/www.km-kuechenmeile.de\/nl\/wp-json\/wp\/v2\/media?parent=728"}],"curies":[{"name":"wp","href":"https:\/\/api.w.org\/{rel}","templated":true}]}}